{"id":8320,"date":"2024-06-11T14:00:12","date_gmt":"2024-06-11T12:00:12","guid":{"rendered":"https:\/\/dev.graphimage.fr\/?page_id=8320"},"modified":"2024-10-21T16:07:56","modified_gmt":"2024-10-21T14:07:56","slug":"menumatique-conception-impression-porte-menu-pour-chr","status":"publish","type":"page","link":"https:\/\/graphimage.com\/index.php\/menumatique-conception-impression-porte-menu-pour-chr\/","title":{"rendered":"Menumatique porte menu et porte carte"},"content":{"rendered":"","protected":false},"excerpt":{"rendered":"","protected":false},"author":1,"featured_media":0,"parent":0,"menu_order":0,"comment_status":"closed","ping_status":"closed","template":"","meta":{"inline_featured_image":false,"footnotes":""},"class_list":["post-8320","page","type-page","status-publish","hentry"],"yoast_head":"<!-- This site is optimized with the Yoast SEO plugin v27.4 - https:\/\/yoast.com\/product\/yoast-seo-wordpress\/ -->\n<title>Menumatique : conception, impression de porte menu pour CHR<\/title>\n<meta name=\"description\" content=\"Menumatique : conception et impression de porte-menu et porte-carte robustes pour caf\u00e9, h\u00f4tel et restaurant. Ins\u00e9rez vos feuillets \u00e0 volont\u00e9\" \/>\n<meta name=\"robots\" content=\"index, follow, max-snippet:-1, max-image-preview:large, max-video-preview:-1\" \/>\n<link rel=\"canonical\" href=\"https:\/\/graphimage.com\/index.php\/menumatique-conception-impression-porte-menu-pour-chr\/\" \/>\n<meta property=\"og:locale\" content=\"fr_FR\" \/>\n<meta property=\"og:type\" content=\"article\" \/>\n<meta property=\"og:title\" content=\"Menumatique : conception, impression de porte menu pour CHR\" \/>\n<meta property=\"og:description\" content=\"Menumatique : conception et impression de porte-menu et porte-carte robustes pour caf\u00e9, h\u00f4tel et restaurant. Ins\u00e9rez vos feuillets \u00e0 volont\u00e9\" \/>\n<meta property=\"og:url\" content=\"https:\/\/graphimage.com\/index.php\/menumatique-conception-impression-porte-menu-pour-chr\/\" \/>\n<meta property=\"og:site_name\" content=\"Graphimage\" \/>\n<meta property=\"article:modified_time\" content=\"2024-10-21T14:07:56+00:00\" \/>\n<meta name=\"twitter:card\" content=\"summary_large_image\" \/>\n<script type=\"application\/ld+json\" class=\"yoast-schema-graph\">{\"@context\":\"https:\\\/\\\/schema.org\",\"@graph\":[{\"@type\":\"WebPage\",\"@id\":\"https:\\\/\\\/graphimage.com\\\/index.php\\\/menumatique-conception-impression-porte-menu-pour-chr\\\/\",\"url\":\"https:\\\/\\\/graphimage.com\\\/index.php\\\/menumatique-conception-impression-porte-menu-pour-chr\\\/\",\"name\":\"Menumatique : conception, impression de porte menu pour CHR\",\"isPartOf\":{\"@id\":\"https:\\\/\\\/graphimage.com\\\/#website\"},\"datePublished\":\"2024-06-11T12:00:12+00:00\",\"dateModified\":\"2024-10-21T14:07:56+00:00\",\"description\":\"Menumatique : conception et impression de porte-menu et porte-carte robustes pour caf\u00e9, h\u00f4tel et restaurant. Ins\u00e9rez vos feuillets \u00e0 volont\u00e9\",\"breadcrumb\":{\"@id\":\"https:\\\/\\\/graphimage.com\\\/index.php\\\/menumatique-conception-impression-porte-menu-pour-chr\\\/#breadcrumb\"},\"inLanguage\":\"fr-FR\",\"potentialAction\":[{\"@type\":\"ReadAction\",\"target\":[\"https:\\\/\\\/graphimage.com\\\/index.php\\\/menumatique-conception-impression-porte-menu-pour-chr\\\/\"]}]},{\"@type\":\"BreadcrumbList\",\"@id\":\"https:\\\/\\\/graphimage.com\\\/index.php\\\/menumatique-conception-impression-porte-menu-pour-chr\\\/#breadcrumb\",\"itemListElement\":[{\"@type\":\"ListItem\",\"position\":1,\"name\":\"Accueil\",\"item\":\"https:\\\/\\\/graphimage.com\\\/\"},{\"@type\":\"ListItem\",\"position\":2,\"name\":\"Menumatique porte menu et porte carte\"}]},{\"@type\":\"WebSite\",\"@id\":\"https:\\\/\\\/graphimage.com\\\/#website\",\"url\":\"https:\\\/\\\/graphimage.com\\\/\",\"name\":\"Graphimage\",\"description\":\"Design d&#039;impression pour les entreprises\",\"publisher\":{\"@id\":\"https:\\\/\\\/graphimage.com\\\/#organization\"},\"potentialAction\":[{\"@type\":\"SearchAction\",\"target\":{\"@type\":\"EntryPoint\",\"urlTemplate\":\"https:\\\/\\\/graphimage.com\\\/?s={search_term_string}\"},\"query-input\":{\"@type\":\"PropertyValueSpecification\",\"valueRequired\":true,\"valueName\":\"search_term_string\"}}],\"inLanguage\":\"fr-FR\"},{\"@type\":\"Organization\",\"@id\":\"https:\\\/\\\/graphimage.com\\\/#organization\",\"name\":\"Graphimage\",\"url\":\"https:\\\/\\\/graphimage.com\\\/\",\"logo\":{\"@type\":\"ImageObject\",\"inLanguage\":\"fr-FR\",\"@id\":\"https:\\\/\\\/graphimage.com\\\/#\\\/schema\\\/logo\\\/image\\\/\",\"url\":\"https:\\\/\\\/graphimage.com\\\/wp-content\\\/uploads\\\/2021\\\/06\\\/cropped-graphimage_big-1.png\",\"contentUrl\":\"https:\\\/\\\/graphimage.com\\\/wp-content\\\/uploads\\\/2021\\\/06\\\/cropped-graphimage_big-1.png\",\"width\":1280,\"height\":339,\"caption\":\"Graphimage\"},\"image\":{\"@id\":\"https:\\\/\\\/graphimage.com\\\/#\\\/schema\\\/logo\\\/image\\\/\"}}]}<\/script>\n<!-- \/ Yoast SEO plugin. -->","yoast_head_json":{"title":"Menumatique : conception, impression de porte menu pour CHR","description":"Menumatique : conception et impression de porte-menu et porte-carte robustes pour caf\u00e9, h\u00f4tel et restaurant. Ins\u00e9rez vos feuillets \u00e0 volont\u00e9","robots":{"index":"index","follow":"follow","max-snippet":"max-snippet:-1","max-image-preview":"max-image-preview:large","max-video-preview":"max-video-preview:-1"},"canonical":"https:\/\/graphimage.com\/index.php\/menumatique-conception-impression-porte-menu-pour-chr\/","og_locale":"fr_FR","og_type":"article","og_title":"Menumatique : conception, impression de porte menu pour CHR","og_description":"Menumatique : conception et impression de porte-menu et porte-carte robustes pour caf\u00e9, h\u00f4tel et restaurant. Ins\u00e9rez vos feuillets \u00e0 volont\u00e9","og_url":"https:\/\/graphimage.com\/index.php\/menumatique-conception-impression-porte-menu-pour-chr\/","og_site_name":"Graphimage","article_modified_time":"2024-10-21T14:07:56+00:00","twitter_card":"summary_large_image","schema":{"@context":"https:\/\/schema.org","@graph":[{"@type":"WebPage","@id":"https:\/\/graphimage.com\/index.php\/menumatique-conception-impression-porte-menu-pour-chr\/","url":"https:\/\/graphimage.com\/index.php\/menumatique-conception-impression-porte-menu-pour-chr\/","name":"Menumatique : conception, impression de porte menu pour CHR","isPartOf":{"@id":"https:\/\/graphimage.com\/#website"},"datePublished":"2024-06-11T12:00:12+00:00","dateModified":"2024-10-21T14:07:56+00:00","description":"Menumatique : conception et impression de porte-menu et porte-carte robustes pour caf\u00e9, h\u00f4tel et restaurant. Ins\u00e9rez vos feuillets \u00e0 volont\u00e9","breadcrumb":{"@id":"https:\/\/graphimage.com\/index.php\/menumatique-conception-impression-porte-menu-pour-chr\/#breadcrumb"},"inLanguage":"fr-FR","potentialAction":[{"@type":"ReadAction","target":["https:\/\/graphimage.com\/index.php\/menumatique-conception-impression-porte-menu-pour-chr\/"]}]},{"@type":"BreadcrumbList","@id":"https:\/\/graphimage.com\/index.php\/menumatique-conception-impression-porte-menu-pour-chr\/#breadcrumb","itemListElement":[{"@type":"ListItem","position":1,"name":"Accueil","item":"https:\/\/graphimage.com\/"},{"@type":"ListItem","position":2,"name":"Menumatique porte menu et porte carte"}]},{"@type":"WebSite","@id":"https:\/\/graphimage.com\/#website","url":"https:\/\/graphimage.com\/","name":"Graphimage","description":"Design d&#039;impression pour les entreprises","publisher":{"@id":"https:\/\/graphimage.com\/#organization"},"potentialAction":[{"@type":"SearchAction","target":{"@type":"EntryPoint","urlTemplate":"https:\/\/graphimage.com\/?s={search_term_string}"},"query-input":{"@type":"PropertyValueSpecification","valueRequired":true,"valueName":"search_term_string"}}],"inLanguage":"fr-FR"},{"@type":"Organization","@id":"https:\/\/graphimage.com\/#organization","name":"Graphimage","url":"https:\/\/graphimage.com\/","logo":{"@type":"ImageObject","inLanguage":"fr-FR","@id":"https:\/\/graphimage.com\/#\/schema\/logo\/image\/","url":"https:\/\/graphimage.com\/wp-content\/uploads\/2021\/06\/cropped-graphimage_big-1.png","contentUrl":"https:\/\/graphimage.com\/wp-content\/uploads\/2021\/06\/cropped-graphimage_big-1.png","width":1280,"height":339,"caption":"Graphimage"},"image":{"@id":"https:\/\/graphimage.com\/#\/schema\/logo\/image\/"}}]}},"_links":{"self":[{"href":"https:\/\/graphimage.com\/index.php\/wp-json\/wp\/v2\/pages\/8320","targetHints":{"allow":["GET"]}}],"collection":[{"href":"https:\/\/graphimage.com\/index.php\/wp-json\/wp\/v2\/pages"}],"about":[{"href":"https:\/\/graphimage.com\/index.php\/wp-json\/wp\/v2\/types\/page"}],"author":[{"embeddable":true,"href":"https:\/\/graphimage.com\/index.php\/wp-json\/wp\/v2\/users\/1"}],"replies":[{"embeddable":true,"href":"https:\/\/graphimage.com\/index.php\/wp-json\/wp\/v2\/comments?post=8320"}],"version-history":[{"count":2,"href":"https:\/\/graphimage.com\/index.php\/wp-json\/wp\/v2\/pages\/8320\/revisions"}],"predecessor-version":[{"id":9991,"href":"https:\/\/graphimage.com\/index.php\/wp-json\/wp\/v2\/pages\/8320\/revisions\/9991"}],"wp:attachment":[{"href":"https:\/\/graphimage.com\/index.php\/wp-json\/wp\/v2\/media?parent=8320"}],"curies":[{"name":"wp","href":"https:\/\/api.w.org\/{rel}","templated":true}]}}