{"id":7603,"date":"2021-06-04T03:34:43","date_gmt":"2021-06-04T03:34:43","guid":{"rendered":"https:\/\/demo2wpopal.b-cdn.net\/umimo\/?page_id=2"},"modified":"2024-10-21T15:34:40","modified_gmt":"2024-10-21T13:34:40","slug":"mentions-legales","status":"publish","type":"page","link":"https:\/\/graphimage.com\/index.php\/mentions-legales\/","title":{"rendered":"Mentions l\u00e9gales"},"content":{"rendered":"\n<p><\/p>\n\n\n\n<p><strong>Donn\u00e9es \u00e0 caract\u00e8re personnel<\/strong><\/p>\n\n\n\n<p>Les informations recueillies sur le site <a href=\"http:\/\/www.graphimage.com\">www.graphimage.com<\/a>\u00a0proviennent de la communication volontaire d\u2019une adresse de courrier \u00e9lectronique lors de la publication d\u2019un message \u00e9lectronique via notre formulaire de contact. Dans ce cas, votre adresse courriel ne nous servira qu\u2019\u00e0 vous acheminer la r\u00e9ponse.<\/p>\n\n\n\n<p>Conform\u00e9ment \u00e0 l\u2019article 27 de la loi dite \u00ab Informatique et Libert\u00e9s \u00bb du 6 Janvier 1978, modifi\u00e9e aux termes de la loi du 6 aout 2004, vous disposez d\u2019un droit d\u2019acc\u00e8s, de modification, de rectification et de suppression pour toute donn\u00e9e \u00e0 caract\u00e8re personnel vous concernant. Vous pouvez exercer ce droit en utilisant ce formulaire de contact.<\/p>\n\n\n\n<p><strong>Cr\u00e9dits<\/strong><\/p>\n\n\n\n<p>Directeur de la publication : Lionel BEZAULT<br>Cr\u00e9dits photographiques : Freepik _ License Free <br>Mise \u00e0 jour des contenus : Tugba SACKAN _ Charg\u00e9e Marketing Graphimage<br>H\u00e9bergement : SAS OVH \u2013 2 rue Kellermann \u2013 59100 Roubaix -France<br>R\u00e9alisation technique et maintenance : Graphimage_ 2 bis rue du G\u00e9n\u00e9ral Reffye 88000 Epinal <\/p>\n\n\n\n<p><strong>Donn\u00e9es personnelles<\/strong><\/p>\n\n\n\n<p>Les donn\u00e9es personnelles se r\u00e9f\u00e8rent \u00e0 toutes les informations permettant d\u2019identifier, directement ou indirectement, une personne physique, conform\u00e9ment \u00e0 l\u2019article 4 de la loi n\u00b0 78-17 du 6 janvier 1978 modifi\u00e9e. Les termes \u201cdonn\u00e9es \u00e0 caract\u00e8re personnel\u201d et \u201cpersonne concern\u00e9e\u201d sont d\u00e9finis par le R\u00e8glement G\u00e9n\u00e9ral sur la Protection des Donn\u00e9es (RGPD n\u00b0 2016-679). Dans le cadre de l\u2019utilisation du site <a href=\"http:\/\/www.graphimage.com\">www.graphimage.com<\/a>, Graphimage collecte et traite de mani\u00e8re automatis\u00e9e les donn\u00e9es personnelles des utilisateurs, conform\u00e9ment \u00e0 la loi n\u00b0 78-17 et au RGPD, notamment pour r\u00e9pondre aux demandes envoy\u00e9es via le formulaire de contact, justifi\u00e9 par un int\u00e9r\u00eat l\u00e9gitime. De mani\u00e8re g\u00e9n\u00e9rale, les donn\u00e9es personnelles sont recueillies lors de vos prises de contact par email. Les informations collect\u00e9es via les cookies ne sont jamais associ\u00e9es \u00e0 d\u2019autres renseignements individuels.<\/p>\n\n\n\n<p><strong>Dur\u00e9e de conservation<\/strong><\/p>\n\n\n\n<p>Les donn\u00e9es personnelles collect\u00e9es \u00e0 travers le <a href=\"contact@graphimage.com\"><strong>formulaire de<\/strong> <strong>contact<\/strong><\/a> ou suite \u00e0 des emails de demande d\u2019informations sont conserv\u00e9es pour une dur\u00e9e maximale de deux ans. Ces donn\u00e9es sont utilis\u00e9es pour r\u00e9pondre aux demandes d\u2019informations et, \u00e0 cette fin, Graphimage s\u2019engage \u00e0 ne pas transmettre vos donn\u00e9es personnelles \u00e0 des tiers. Fondement juridique de la collecte : La collecte de vos donn\u00e9es personnelles repose sur le consentement que vous exprimez en nous contactant directement, que ce soit via le formulaire de contact ou par d\u2019autres moyens de communication.<\/p>\n\n\n\n<p><strong>Vos droits<\/strong><\/p>\n\n\n\n<p>En vertu de la r\u00e9glementation europ\u00e9enne en vigueur, vous avez le droit d\u2019acc\u00e9der aux donn\u00e9es personnelles vous concernant, de demander leur rectification, effacement ou portabilit\u00e9 (si applicable), et de d\u00e9finir des directives relatives \u00e0 leur traitement apr\u00e8s votre d\u00e9c\u00e8s. Vous pouvez \u00e9galement demander la limitation du traitement de vos donn\u00e9es, retirer votre consentement et vous opposer \u00e0 leur utilisation, notamment \u00e0 des fins de prospection. Vous avez \u00e9galement le droit de d\u00e9poser une r\u00e9clamation aupr\u00e8s de la Commission Nationale Informatique et Libert\u00e9s (<a href=\"http:\/\/www.cnil.fr\">www.cnil.fr<\/a>). Pour exercer ces droits, vous pouvez contacter Graphimage \u00e0 l\u2019adresse suivante : Graphimage_2 bis rue G\u00e9n\u00e9ral de Reffye_88000 Epinal ou par email \u00e0 contact@graphimage.com.<\/p>\n\n\n\n<p><\/p>\n\n\n\n<p><strong>Propri\u00e9t\u00e9 intellectuelle<\/strong><\/p>\n\n\n\n<p>Les contenus publi\u00e9s sur ce site sont la propri\u00e9t\u00e9 de Graphimage. Ils sont prot\u00e9g\u00e9s par le droit d\u2019auteur et toute reproduction est en principe conditionn\u00e9e \u00e0 l\u2019accord de Graphimage en vertu de l\u2019article L.122-4 du Code de la Propri\u00e9t\u00e9 Intellectuelle.<\/p>\n\n\n\n<p>Toutefois, les contenus mis \u00e0 disposition du public sur le site <a href=\"http:\/\/www.graphimage.com\">www.graphimage.com<\/a> peuvent \u00eatre reproduits de mani\u00e8re occasionnelle \u00e0 condition de citer la source \u00e0 la suite du contenu reproduit, et ce de la mani\u00e8re suivante : \u00ab contenu publi\u00e9 sur le site graphimage.fr \u00bb cette mention pointera directement sur la page correspondante gr\u00e2ce \u00e0 un lien hypertexte.<\/p>\n\n\n\n<p><\/p>\n","protected":false},"excerpt":{"rendered":"<p>Donn\u00e9es \u00e0 caract\u00e8re personnel Les informations recueillies sur le site www.graphimage.com\u00a0proviennent de la communication volontaire d\u2019une adresse de courrier \u00e9lectronique lors de la publication d\u2019un message \u00e9lectronique via notre formulaire de contact. Dans ce cas, votre adresse courriel ne nous servira qu\u2019\u00e0 vous acheminer la r\u00e9ponse. Conform\u00e9ment \u00e0 l\u2019article 27 de la loi dite \u00ab [&hellip;]<\/p>\n","protected":false},"author":1,"featured_media":0,"parent":0,"menu_order":0,"comment_status":"closed","ping_status":"open","template":"","meta":{"inline_featured_image":false,"footnotes":""},"class_list":["post-7603","page","type-page","status-publish","hentry"],"yoast_head":"<!-- This site is optimized with the Yoast SEO plugin v27.4 - https:\/\/yoast.com\/product\/yoast-seo-wordpress\/ -->\n<title>Mentions l\u00e9gales - Graphimage<\/title>\n<meta name=\"description\" content=\"Retrouvez toutes les informations l\u00e9gales de Graphimage sur cette page\" \/>\n<meta name=\"robots\" content=\"index, follow, max-snippet:-1, max-image-preview:large, max-video-preview:-1\" \/>\n<link rel=\"canonical\" href=\"https:\/\/graphimage.com\/index.php\/mentions-legales\/\" \/>\n<meta property=\"og:locale\" content=\"fr_FR\" \/>\n<meta property=\"og:type\" content=\"article\" \/>\n<meta property=\"og:title\" content=\"Mentions l\u00e9gales - Graphimage\" \/>\n<meta property=\"og:description\" content=\"Retrouvez toutes les informations l\u00e9gales de Graphimage sur cette page\" \/>\n<meta property=\"og:url\" content=\"https:\/\/graphimage.com\/index.php\/mentions-legales\/\" \/>\n<meta property=\"og:site_name\" content=\"Graphimage\" \/>\n<meta property=\"article:modified_time\" content=\"2024-10-21T13:34:40+00:00\" \/>\n<meta name=\"twitter:card\" content=\"summary_large_image\" \/>\n<meta name=\"twitter:label1\" content=\"Dur\u00e9e de lecture estim\u00e9e\" \/>\n\t<meta name=\"twitter:data1\" content=\"3 minutes\" \/>\n<script type=\"application\/ld+json\" class=\"yoast-schema-graph\">{\"@context\":\"https:\\\/\\\/schema.org\",\"@graph\":[{\"@type\":\"WebPage\",\"@id\":\"https:\\\/\\\/graphimage.com\\\/index.php\\\/mentions-legales\\\/\",\"url\":\"https:\\\/\\\/graphimage.com\\\/index.php\\\/mentions-legales\\\/\",\"name\":\"Mentions l\u00e9gales - Graphimage\",\"isPartOf\":{\"@id\":\"https:\\\/\\\/graphimage.com\\\/#website\"},\"datePublished\":\"2021-06-04T03:34:43+00:00\",\"dateModified\":\"2024-10-21T13:34:40+00:00\",\"description\":\"Retrouvez toutes les informations l\u00e9gales de Graphimage sur cette page\",\"breadcrumb\":{\"@id\":\"https:\\\/\\\/graphimage.com\\\/index.php\\\/mentions-legales\\\/#breadcrumb\"},\"inLanguage\":\"fr-FR\",\"potentialAction\":[{\"@type\":\"ReadAction\",\"target\":[\"https:\\\/\\\/graphimage.com\\\/index.php\\\/mentions-legales\\\/\"]}]},{\"@type\":\"BreadcrumbList\",\"@id\":\"https:\\\/\\\/graphimage.com\\\/index.php\\\/mentions-legales\\\/#breadcrumb\",\"itemListElement\":[{\"@type\":\"ListItem\",\"position\":1,\"name\":\"Accueil\",\"item\":\"https:\\\/\\\/graphimage.com\\\/\"},{\"@type\":\"ListItem\",\"position\":2,\"name\":\"Mentions l\u00e9gales\"}]},{\"@type\":\"WebSite\",\"@id\":\"https:\\\/\\\/graphimage.com\\\/#website\",\"url\":\"https:\\\/\\\/graphimage.com\\\/\",\"name\":\"Graphimage\",\"description\":\"Design d&#039;impression pour les entreprises\",\"publisher\":{\"@id\":\"https:\\\/\\\/graphimage.com\\\/#organization\"},\"potentialAction\":[{\"@type\":\"SearchAction\",\"target\":{\"@type\":\"EntryPoint\",\"urlTemplate\":\"https:\\\/\\\/graphimage.com\\\/?s={search_term_string}\"},\"query-input\":{\"@type\":\"PropertyValueSpecification\",\"valueRequired\":true,\"valueName\":\"search_term_string\"}}],\"inLanguage\":\"fr-FR\"},{\"@type\":\"Organization\",\"@id\":\"https:\\\/\\\/graphimage.com\\\/#organization\",\"name\":\"Graphimage\",\"url\":\"https:\\\/\\\/graphimage.com\\\/\",\"logo\":{\"@type\":\"ImageObject\",\"inLanguage\":\"fr-FR\",\"@id\":\"https:\\\/\\\/graphimage.com\\\/#\\\/schema\\\/logo\\\/image\\\/\",\"url\":\"https:\\\/\\\/graphimage.com\\\/wp-content\\\/uploads\\\/2021\\\/06\\\/cropped-graphimage_big-1.png\",\"contentUrl\":\"https:\\\/\\\/graphimage.com\\\/wp-content\\\/uploads\\\/2021\\\/06\\\/cropped-graphimage_big-1.png\",\"width\":1280,\"height\":339,\"caption\":\"Graphimage\"},\"image\":{\"@id\":\"https:\\\/\\\/graphimage.com\\\/#\\\/schema\\\/logo\\\/image\\\/\"}}]}<\/script>\n<!-- \/ Yoast SEO plugin. -->","yoast_head_json":{"title":"Mentions l\u00e9gales - Graphimage","description":"Retrouvez toutes les informations l\u00e9gales de Graphimage sur cette page","robots":{"index":"index","follow":"follow","max-snippet":"max-snippet:-1","max-image-preview":"max-image-preview:large","max-video-preview":"max-video-preview:-1"},"canonical":"https:\/\/graphimage.com\/index.php\/mentions-legales\/","og_locale":"fr_FR","og_type":"article","og_title":"Mentions l\u00e9gales - Graphimage","og_description":"Retrouvez toutes les informations l\u00e9gales de Graphimage sur cette page","og_url":"https:\/\/graphimage.com\/index.php\/mentions-legales\/","og_site_name":"Graphimage","article_modified_time":"2024-10-21T13:34:40+00:00","twitter_card":"summary_large_image","twitter_misc":{"Dur\u00e9e de lecture estim\u00e9e":"3 minutes"},"schema":{"@context":"https:\/\/schema.org","@graph":[{"@type":"WebPage","@id":"https:\/\/graphimage.com\/index.php\/mentions-legales\/","url":"https:\/\/graphimage.com\/index.php\/mentions-legales\/","name":"Mentions l\u00e9gales - Graphimage","isPartOf":{"@id":"https:\/\/graphimage.com\/#website"},"datePublished":"2021-06-04T03:34:43+00:00","dateModified":"2024-10-21T13:34:40+00:00","description":"Retrouvez toutes les informations l\u00e9gales de Graphimage sur cette page","breadcrumb":{"@id":"https:\/\/graphimage.com\/index.php\/mentions-legales\/#breadcrumb"},"inLanguage":"fr-FR","potentialAction":[{"@type":"ReadAction","target":["https:\/\/graphimage.com\/index.php\/mentions-legales\/"]}]},{"@type":"BreadcrumbList","@id":"https:\/\/graphimage.com\/index.php\/mentions-legales\/#breadcrumb","itemListElement":[{"@type":"ListItem","position":1,"name":"Accueil","item":"https:\/\/graphimage.com\/"},{"@type":"ListItem","position":2,"name":"Mentions l\u00e9gales"}]},{"@type":"WebSite","@id":"https:\/\/graphimage.com\/#website","url":"https:\/\/graphimage.com\/","name":"Graphimage","description":"Design d&#039;impression pour les entreprises","publisher":{"@id":"https:\/\/graphimage.com\/#organization"},"potentialAction":[{"@type":"SearchAction","target":{"@type":"EntryPoint","urlTemplate":"https:\/\/graphimage.com\/?s={search_term_string}"},"query-input":{"@type":"PropertyValueSpecification","valueRequired":true,"valueName":"search_term_string"}}],"inLanguage":"fr-FR"},{"@type":"Organization","@id":"https:\/\/graphimage.com\/#organization","name":"Graphimage","url":"https:\/\/graphimage.com\/","logo":{"@type":"ImageObject","inLanguage":"fr-FR","@id":"https:\/\/graphimage.com\/#\/schema\/logo\/image\/","url":"https:\/\/graphimage.com\/wp-content\/uploads\/2021\/06\/cropped-graphimage_big-1.png","contentUrl":"https:\/\/graphimage.com\/wp-content\/uploads\/2021\/06\/cropped-graphimage_big-1.png","width":1280,"height":339,"caption":"Graphimage"},"image":{"@id":"https:\/\/graphimage.com\/#\/schema\/logo\/image\/"}}]}},"_links":{"self":[{"href":"https:\/\/graphimage.com\/index.php\/wp-json\/wp\/v2\/pages\/7603","targetHints":{"allow":["GET"]}}],"collection":[{"href":"https:\/\/graphimage.com\/index.php\/wp-json\/wp\/v2\/pages"}],"about":[{"href":"https:\/\/graphimage.com\/index.php\/wp-json\/wp\/v2\/types\/page"}],"author":[{"embeddable":true,"href":"https:\/\/graphimage.com\/index.php\/wp-json\/wp\/v2\/users\/1"}],"replies":[{"embeddable":true,"href":"https:\/\/graphimage.com\/index.php\/wp-json\/wp\/v2\/comments?post=7603"}],"version-history":[{"count":3,"href":"https:\/\/graphimage.com\/index.php\/wp-json\/wp\/v2\/pages\/7603\/revisions"}],"predecessor-version":[{"id":9925,"href":"https:\/\/graphimage.com\/index.php\/wp-json\/wp\/v2\/pages\/7603\/revisions\/9925"}],"wp:attachment":[{"href":"https:\/\/graphimage.com\/index.php\/wp-json\/wp\/v2\/media?parent=7603"}],"curies":[{"name":"wp","href":"https:\/\/api.w.org\/{rel}","templated":true}]}}