{"id":4864,"date":"2021-06-21T03:27:43","date_gmt":"2021-06-21T03:27:43","guid":{"rendered":"https:\/\/demo2wpopal.b-cdn.net\/umimo\/?page_id=4864"},"modified":"2024-12-13T13:10:13","modified_gmt":"2024-12-13T12:10:13","slug":"carte-menu-en-papier-pellicule","status":"publish","type":"page","link":"https:\/\/graphimage.com\/index.php\/carte-menu-en-papier-pellicule\/","title":{"rendered":"Carte menu restaurant"},"content":{"rendered":"\t\t<div data-elementor-type=\"wp-page\" data-elementor-id=\"4864\" class=\"elementor elementor-4864\" data-elementor-post-type=\"page\">\n\t\t\t\t\t\t<section class=\"elementor-section elementor-top-section elementor-element elementor-element-447e16e elementor-section-boxed elementor-section-height-default elementor-section-height-default\" data-id=\"447e16e\" data-element_type=\"section\" data-e-type=\"section\">\n\t\t\t\t\t\t<div class=\"elementor-container elementor-column-gap-default\">\n\t\t\t\t\t<div class=\"elementor-column elementor-col-100 elementor-top-column elementor-element elementor-element-b665c78\" data-id=\"b665c78\" data-element_type=\"column\" data-e-type=\"column\">\n\t\t\t<div class=\"elementor-widget-wrap elementor-element-populated\">\n\t\t\t\t\t\t<div class=\"elementor-element elementor-element-5710b99 elementor-widget elementor-widget-heading\" data-id=\"5710b99\" data-element_type=\"widget\" data-e-type=\"widget\" data-widget_type=\"heading.default\">\n\t\t\t\t<div class=\"elementor-widget-container\">\n\t\t\t\t\t<h2 class=\"elementor-heading-title elementor-size-default\">Carte Menu en papier pellicul\u00e9 <\/h2>\t\t\t\t<\/div>\n\t\t\t\t<\/div>\n\t\t\t\t\t<\/div>\n\t\t<\/div>\n\t\t\t\t\t<\/div>\n\t\t<\/section>\n\t\t\t\t<section class=\"elementor-section elementor-top-section elementor-element elementor-element-2ac0635 elementor-section-boxed elementor-section-height-default elementor-section-height-default\" data-id=\"2ac0635\" data-element_type=\"section\" data-e-type=\"section\">\n\t\t\t\t\t\t<div class=\"elementor-container elementor-column-gap-default\">\n\t\t\t\t\t<div class=\"elementor-column elementor-col-100 elementor-top-column elementor-element elementor-element-8d8f023\" data-id=\"8d8f023\" data-element_type=\"column\" data-e-type=\"column\">\n\t\t\t<div class=\"elementor-widget-wrap elementor-element-populated\">\n\t\t\t\t\t\t<div class=\"elementor-element elementor-element-40054d5 elementor-widget elementor-widget-text-editor\" data-id=\"40054d5\" data-element_type=\"widget\" data-e-type=\"widget\" data-widget_type=\"text-editor.default\">\n\t\t\t\t<div class=\"elementor-widget-container\">\n\t\t\t\t\t\t\t\t\t<p>Une carte menu bien pens\u00e9e, avec une mise en page efficace, vous rapproche de vos objectifs de vente. Vos clients retrouveront dans vos cartes l\u2019atmosph\u00e8re et le plaisir qui r\u00e8gnent dans votre \u00e9tablissement. Vous avez la libert\u00e9 de choisir le design, le format et les couleurs, tout en personnalisant \u00e0 volont\u00e9.\u00a0<span style=\"background-color: var(--background);\">Donnez envie \u00e0 vos clients de d\u00e9couvrir vos sp\u00e9cialit\u00e9s culinaires.\u00a0<\/span><\/p><p><strong><span style=\"background-color: var(--background);\">Ces menus ont sous format de livret avec feuillets modulables ou non, sous formats d\u00e9pliants plusieurs volets ou encore plastifi\u00e9s.\u00a0<\/span><\/strong><span style=\"background-color: var(--background);\">A vous de choisir et personnalisez le votre !\u00a0<\/span><\/p>\t\t\t\t\t\t\t\t<\/div>\n\t\t\t\t<\/div>\n\t\t\t\t\t<\/div>\n\t\t<\/div>\n\t\t\t\t\t<\/div>\n\t\t<\/section>\n\t\t\t\t<section class=\"elementor-section elementor-top-section elementor-element elementor-element-8aa5ea2 elementor-section-boxed elementor-section-height-default elementor-section-height-default\" data-id=\"8aa5ea2\" data-element_type=\"section\" data-e-type=\"section\">\n\t\t\t\t\t\t<div class=\"elementor-container elementor-column-gap-default\">\n\t\t\t\t\t<div class=\"elementor-column elementor-col-100 elementor-top-column elementor-element elementor-element-5e7d111\" data-id=\"5e7d111\" data-element_type=\"column\" data-e-type=\"column\">\n\t\t\t<div class=\"elementor-widget-wrap elementor-element-populated\">\n\t\t\t\t\t\t<div class=\"elementor-element elementor-element-06ad89f elementor-arrows-position-inside elementor-pagination-position-outside elementor-widget elementor-widget-image-carousel\" data-id=\"06ad89f\" data-element_type=\"widget\" data-e-type=\"widget\" data-settings=\"{&quot;slides_to_show&quot;:&quot;4&quot;,&quot;navigation&quot;:&quot;both&quot;,&quot;autoplay&quot;:&quot;yes&quot;,&quot;pause_on_hover&quot;:&quot;yes&quot;,&quot;pause_on_interaction&quot;:&quot;yes&quot;,&quot;autoplay_speed&quot;:5000,&quot;infinite&quot;:&quot;yes&quot;,&quot;speed&quot;:500}\" data-widget_type=\"image-carousel.default\">\n\t\t\t\t<div class=\"elementor-widget-container\">\n\t\t\t\t\t\t\t<div class=\"elementor-image-carousel-wrapper swiper\" role=\"region\" aria-roledescription=\"carousel\" aria-label=\"Carrousel d\u2019images\" dir=\"ltr\">\n\t\t\t<div class=\"elementor-image-carousel swiper-wrapper\" aria-live=\"off\">\n\t\t\t\t\t\t\t\t<div class=\"swiper-slide\" role=\"group\" aria-roledescription=\"slide\" aria-label=\"1 sur 8\"><figure class=\"swiper-slide-inner\"><img decoding=\"async\" class=\"swiper-slide-image\" src=\"https:\/\/graphimage.com\/wp-content\/uploads\/2024\/10\/RotondeLimo-630x738.png\" alt=\"Rotonde_menupapier\u00a9graphimage.com\" \/><\/figure><\/div><div class=\"swiper-slide\" role=\"group\" aria-roledescription=\"slide\" aria-label=\"2 sur 8\"><figure class=\"swiper-slide-inner\"><img decoding=\"async\" class=\"swiper-slide-image\" src=\"https:\/\/graphimage.com\/wp-content\/uploads\/2024\/10\/CafeKleber-630x792.png\" alt=\"CafeKleber\u00a9graphimage.com\" \/><\/figure><\/div><div class=\"swiper-slide\" role=\"group\" aria-roledescription=\"slide\" aria-label=\"3 sur 8\"><figure class=\"swiper-slide-inner\"><img decoding=\"async\" class=\"swiper-slide-image\" src=\"https:\/\/graphimage.com\/wp-content\/uploads\/2024\/10\/LePalais-630x832.png\" alt=\"LePalais_menu_papier\u00a9graphimage.com\" \/><\/figure><\/div><div class=\"swiper-slide\" role=\"group\" aria-roledescription=\"slide\" aria-label=\"4 sur 8\"><figure class=\"swiper-slide-inner\"><img decoding=\"async\" class=\"swiper-slide-image\" src=\"https:\/\/graphimage.com\/wp-content\/uploads\/2024\/10\/Portofino-630x707.png\" alt=\"Portofino\u00a9graphimage.com\" \/><\/figure><\/div><div class=\"swiper-slide\" role=\"group\" aria-roledescription=\"slide\" aria-label=\"5 sur 8\"><figure class=\"swiper-slide-inner\"><img decoding=\"async\" class=\"swiper-slide-image\" src=\"https:\/\/graphimage.com\/wp-content\/uploads\/2024\/10\/CanadianSteakHouse-630x892.png\" alt=\"CanadianSteakHouse\u00a9graphimage.com\" \/><\/figure><\/div><div class=\"swiper-slide\" role=\"group\" aria-roledescription=\"slide\" aria-label=\"6 sur 8\"><figure class=\"swiper-slide-inner\"><img decoding=\"async\" class=\"swiper-slide-image\" src=\"https:\/\/graphimage.com\/wp-content\/uploads\/2024\/06\/autre-CTLN-630x840.png\" alt=\"Menu livret papier pellicul\u00e9 Page de menu \u00a9graphimage.com\" \/><\/figure><\/div><div class=\"swiper-slide\" role=\"group\" aria-roledescription=\"slide\" aria-label=\"7 sur 8\"><figure class=\"swiper-slide-inner\"><img decoding=\"async\" class=\"swiper-slide-image\" src=\"https:\/\/graphimage.com\/wp-content\/uploads\/2024\/10\/Chaloupe-630x887.png\" alt=\"Chaloupe\u00a9graphimage.com\" \/><\/figure><\/div><div class=\"swiper-slide\" role=\"group\" aria-roledescription=\"slide\" aria-label=\"8 sur 8\"><figure class=\"swiper-slide-inner\"><img decoding=\"async\" class=\"swiper-slide-image\" src=\"https:\/\/graphimage.com\/wp-content\/uploads\/2024\/10\/Ambacia-630x729.png\" alt=\"Ambacia\u00a9graphimage.com\" \/><\/figure><\/div>\t\t\t<\/div>\n\t\t\t\t\t\t\t\t\t\t\t\t<div class=\"elementor-swiper-button elementor-swiper-button-prev\" role=\"button\" tabindex=\"0\">\n\t\t\t\t\t\t<i aria-hidden=\"true\" class=\"eicon-chevron-left\"><\/i>\t\t\t\t\t<\/div>\n\t\t\t\t\t<div class=\"elementor-swiper-button elementor-swiper-button-next\" role=\"button\" tabindex=\"0\">\n\t\t\t\t\t\t<i aria-hidden=\"true\" class=\"eicon-chevron-right\"><\/i>\t\t\t\t\t<\/div>\n\t\t\t\t\n\t\t\t\t\t\t\t\t\t<div class=\"swiper-pagination\"><\/div>\n\t\t\t\t\t\t\t\t\t<\/div>\n\t\t\t\t\t\t<\/div>\n\t\t\t\t<\/div>\n\t\t\t\t\t<\/div>\n\t\t<\/div>\n\t\t\t\t\t<\/div>\n\t\t<\/section>\n\t\t\t\t<section class=\"elementor-section elementor-top-section elementor-element elementor-element-09e5da0 elementor-section-boxed elementor-section-height-default elementor-section-height-default\" data-id=\"09e5da0\" data-element_type=\"section\" data-e-type=\"section\">\n\t\t\t\t\t\t<div class=\"elementor-container elementor-column-gap-default\">\n\t\t\t\t\t<div class=\"elementor-column elementor-col-100 elementor-top-column elementor-element elementor-element-3d2acd2\" data-id=\"3d2acd2\" data-element_type=\"column\" data-e-type=\"column\">\n\t\t\t<div class=\"elementor-widget-wrap elementor-element-populated\">\n\t\t\t\t\t\t<div class=\"elementor-element elementor-element-3641348 elementor-widget-divider--view-line_text elementor-widget-divider--element-align-center elementor-widget elementor-widget-divider\" data-id=\"3641348\" data-element_type=\"widget\" data-e-type=\"widget\" data-widget_type=\"divider.default\">\n\t\t\t\t<div class=\"elementor-widget-container\">\n\t\t\t\t\t\t\t<div class=\"elementor-divider\">\n\t\t\t<span class=\"elementor-divider-separator\">\n\t\t\t\t\t\t\t<span class=\"elementor-divider__text elementor-divider__element\">\n\t\t\t\tUn projet ? Nous sommes l\u00e0 pour vous renseigner !\t\t\t\t<\/span>\n\t\t\t\t\t\t<\/span>\n\t\t<\/div>\n\t\t\t\t\t\t<\/div>\n\t\t\t\t<\/div>\n\t\t\t\t<div class=\"elementor-element elementor-element-b7e89c8 elementor-button-align-stretch elementor-widget elementor-widget-form\" data-id=\"b7e89c8\" data-element_type=\"widget\" data-e-type=\"widget\" data-settings=\"{&quot;step_next_label&quot;:&quot;Suivant&quot;,&quot;step_previous_label&quot;:&quot;Pr\\u00e9c\\u00e9dent&quot;,&quot;button_width&quot;:&quot;100&quot;,&quot;step_type&quot;:&quot;number_text&quot;,&quot;step_icon_shape&quot;:&quot;circle&quot;}\" data-widget_type=\"form.default\">\n\t\t\t\t<div class=\"elementor-widget-container\">\n\t\t\t\t\t\t\t<form class=\"elementor-form\" method=\"post\" name=\"Nouveau formulaire\">\n\t\t\t<input type=\"hidden\" name=\"post_id\" value=\"4864\"\/>\n\t\t\t<input type=\"hidden\" name=\"form_id\" value=\"b7e89c8\"\/>\n\t\t\t<input type=\"hidden\" name=\"referer_title\" value=\"Carte menu restaurant - Graphimage\" \/>\n\n\t\t\t\t\t\t\t<input type=\"hidden\" name=\"queried_id\" value=\"4864\"\/>\n\t\t\t\n\t\t\t<div class=\"elementor-form-fields-wrapper elementor-labels-\">\n\t\t\t\t\t\t\t\t<div class=\"elementor-field-type-text elementor-field-group elementor-column elementor-field-group-name elementor-col-50 elementor-field-required\">\n\t\t\t\t\t\t\t\t\t\t\t\t<label for=\"form-field-name\" class=\"elementor-field-label elementor-screen-only\">\n\t\t\t\t\t\t\t\tNom\t\t\t\t\t\t\t<\/label>\n\t\t\t\t\t\t\t\t\t\t\t\t\t\t<input size=\"1\" type=\"text\" name=\"form_fields[name]\" id=\"form-field-name\" class=\"elementor-field elementor-size-xs  elementor-field-textual\" placeholder=\"Nom\" required=\"required\" aria-required=\"true\">\n\t\t\t\t\t\t\t\t\t\t\t<\/div>\n\t\t\t\t\t\t\t\t<div class=\"elementor-field-type-text elementor-field-group elementor-column elementor-field-group-field_3314ceb elementor-col-50 elementor-field-required\">\n\t\t\t\t\t\t\t\t\t\t\t\t<label for=\"form-field-field_3314ceb\" class=\"elementor-field-label elementor-screen-only\">\n\t\t\t\t\t\t\t\tEtablissement\t\t\t\t\t\t\t<\/label>\n\t\t\t\t\t\t\t\t\t\t\t\t\t\t<input size=\"1\" type=\"text\" name=\"form_fields[field_3314ceb]\" id=\"form-field-field_3314ceb\" class=\"elementor-field elementor-size-xs  elementor-field-textual\" placeholder=\"Etablissement\" required=\"required\" aria-required=\"true\">\n\t\t\t\t\t\t\t\t\t\t\t<\/div>\n\t\t\t\t\t\t\t\t<div class=\"elementor-field-type-email elementor-field-group elementor-column elementor-field-group-email elementor-col-50 elementor-field-required\">\n\t\t\t\t\t\t\t\t\t\t\t\t<label for=\"form-field-email\" class=\"elementor-field-label elementor-screen-only\">\n\t\t\t\t\t\t\t\tE-mail\t\t\t\t\t\t\t<\/label>\n\t\t\t\t\t\t\t\t\t\t\t\t\t\t<input size=\"1\" type=\"email\" name=\"form_fields[email]\" id=\"form-field-email\" class=\"elementor-field elementor-size-xs  elementor-field-textual\" placeholder=\"E-mail\" required=\"required\" aria-required=\"true\">\n\t\t\t\t\t\t\t\t\t\t\t<\/div>\n\t\t\t\t\t\t\t\t<div class=\"elementor-field-type-tel elementor-field-group elementor-column elementor-field-group-field_c0cd945 elementor-col-50 elementor-field-required\">\n\t\t\t\t\t\t\t\t\t\t\t\t<label for=\"form-field-field_c0cd945\" class=\"elementor-field-label elementor-screen-only\">\n\t\t\t\t\t\t\t\tT\u00e9l.\t\t\t\t\t\t\t<\/label>\n\t\t\t\t\t\t\t\t<input size=\"1\" type=\"tel\" name=\"form_fields[field_c0cd945]\" id=\"form-field-field_c0cd945\" class=\"elementor-field elementor-size-xs  elementor-field-textual\" placeholder=\"T\u00e9l.\" required=\"required\" aria-required=\"true\" pattern=\"[0-9()#&amp;+*-=.]+\" title=\"Seuls les caract\u00e8res de num\u00e9ros de t\u00e9l\u00e9phone (#, -, *, etc.) sont accept\u00e9s.\">\n\n\t\t\t\t\t\t<\/div>\n\t\t\t\t\t\t\t\t<div class=\"elementor-field-type-text elementor-field-group elementor-column elementor-field-group-field_4cbc487 elementor-col-50 elementor-field-required\">\n\t\t\t\t\t\t\t\t\t\t\t\t<label for=\"form-field-field_4cbc487\" class=\"elementor-field-label elementor-screen-only\">\n\t\t\t\t\t\t\t\tVille\t\t\t\t\t\t\t<\/label>\n\t\t\t\t\t\t\t\t\t\t\t\t\t\t<input size=\"1\" type=\"text\" name=\"form_fields[field_4cbc487]\" id=\"form-field-field_4cbc487\" class=\"elementor-field elementor-size-xs  elementor-field-textual\" placeholder=\"Code postal\" required=\"required\" aria-required=\"true\">\n\t\t\t\t\t\t\t\t\t\t\t<\/div>\n\t\t\t\t\t\t\t\t<div class=\"elementor-field-type-text elementor-field-group elementor-column elementor-field-group-field_2e2dd43 elementor-col-50 elementor-field-required\">\n\t\t\t\t\t\t\t\t\t\t\t\t<label for=\"form-field-field_2e2dd43\" class=\"elementor-field-label elementor-screen-only\">\n\t\t\t\t\t\t\t\tCode postal\t\t\t\t\t\t\t<\/label>\n\t\t\t\t\t\t\t\t\t\t\t\t\t\t<input size=\"1\" type=\"text\" name=\"form_fields[field_2e2dd43]\" id=\"form-field-field_2e2dd43\" class=\"elementor-field elementor-size-xs  elementor-field-textual\" placeholder=\"Code postal\" required=\"required\" aria-required=\"true\">\n\t\t\t\t\t\t\t\t\t\t\t<\/div>\n\t\t\t\t\t\t\t\t<div class=\"elementor-field-type-textarea elementor-field-group elementor-column elementor-field-group-message elementor-col-100 elementor-field-required\">\n\t\t\t\t\t\t\t\t\t\t\t\t<label for=\"form-field-message\" class=\"elementor-field-label elementor-screen-only\">\n\t\t\t\t\t\t\t\tMessage\t\t\t\t\t\t\t<\/label>\n\t\t\t\t\t\t<textarea class=\"elementor-field-textual elementor-field  elementor-size-xs\" name=\"form_fields[message]\" id=\"form-field-message\" rows=\"2\" placeholder=\"Message\" required=\"required\" aria-required=\"true\"><\/textarea>\t\t\t\t<\/div>\n\t\t\t\t\t\t\t\t<div class=\"elementor-field-type-recaptcha_v3 elementor-field-group elementor-column elementor-field-group-field_07e21db elementor-col-100 recaptcha_v3-bottomright\">\n\t\t\t\t\t<div class=\"elementor-field\" id=\"form-field-field_07e21db\"><div class=\"elementor-g-recaptcha\" data-sitekey=\"6LeTwH4qAAAAAO9tOF8bOqHlB2TqXFRtxLaHZbAF\" data-type=\"v3\" data-action=\"Form\" data-badge=\"bottomright\" data-size=\"invisible\"><\/div><\/div>\t\t\t\t<\/div>\n\t\t\t\t\t\t\t\t<div class=\"elementor-field-group elementor-column elementor-field-type-submit elementor-col-100 e-form__buttons\">\n\t\t\t\t\t<button class=\"elementor-button elementor-size-sm\" type=\"submit\">\n\t\t\t\t\t\t<span class=\"elementor-button-content-wrapper\">\n\t\t\t\t\t\t\t\t\t\t\t\t\t\t\t\t\t\t\t\t\t\t<span class=\"elementor-button-text\">Envoyer<\/span>\n\t\t\t\t\t\t\t\t\t\t\t\t\t<\/span>\n\t\t\t\t\t<\/button>\n\t\t\t\t<\/div>\n\t\t\t<\/div>\n\t\t<\/form>\n\t\t\t\t\t\t<\/div>\n\t\t\t\t<\/div>\n\t\t\t\t\t<\/div>\n\t\t<\/div>\n\t\t\t\t\t<\/div>\n\t\t<\/section>\n\t\t\t\t<\/div>\n\t\t","protected":false},"excerpt":{"rendered":"<p>Carte Menu en papier pellicul\u00e9 Une carte menu bien pens\u00e9e, avec une mise en page efficace, vous rapproche de vos objectifs de vente. Vos clients retrouveront dans vos cartes l\u2019atmosph\u00e8re et le plaisir qui r\u00e8gnent dans votre \u00e9tablissement. Vous avez la libert\u00e9 de choisir le design, le format et les couleurs, tout en personnalisant \u00e0 [&hellip;]<\/p>\n","protected":false},"author":1,"featured_media":0,"parent":0,"menu_order":0,"comment_status":"closed","ping_status":"closed","template":"","meta":{"inline_featured_image":false,"footnotes":""},"class_list":["post-4864","page","type-page","status-publish","hentry"],"yoast_head":"<!-- This site is optimized with the Yoast SEO plugin v27.5 - https:\/\/yoast.com\/product\/yoast-seo-wordpress\/ -->\n<title>Carte menu restaurant - Graphimage<\/title>\n<meta name=\"description\" content=\"La carte menu en papier pellicul\u00e9 a de nombreux avantages pour pr\u00e9senter vos menus et vos cartes de belle mani\u00e8re : esth\u00e9tique, pratique\" \/>\n<meta name=\"robots\" content=\"index, follow, max-snippet:-1, max-image-preview:large, max-video-preview:-1\" \/>\n<link rel=\"canonical\" href=\"https:\/\/graphimage.com\/index.php\/carte-menu-en-papier-pellicule\/\" \/>\n<meta property=\"og:locale\" content=\"fr_FR\" \/>\n<meta property=\"og:type\" content=\"article\" \/>\n<meta property=\"og:title\" content=\"Carte menu restaurant - Graphimage\" \/>\n<meta property=\"og:description\" content=\"La carte menu en papier pellicul\u00e9 a de nombreux avantages pour pr\u00e9senter vos menus et vos cartes de belle mani\u00e8re : esth\u00e9tique, pratique\" \/>\n<meta property=\"og:url\" content=\"https:\/\/graphimage.com\/index.php\/carte-menu-en-papier-pellicule\/\" \/>\n<meta property=\"og:site_name\" content=\"Graphimage\" \/>\n<meta property=\"article:modified_time\" content=\"2024-12-13T12:10:13+00:00\" \/>\n<meta property=\"og:image\" content=\"https:\/\/graphimage.com\/wp-content\/uploads\/2024\/10\/RotondeLimo-630x738.png\" \/>\n<meta name=\"twitter:card\" content=\"summary_large_image\" \/>\n<meta name=\"twitter:label1\" content=\"Dur\u00e9e de lecture estim\u00e9e\" \/>\n\t<meta name=\"twitter:data1\" content=\"3 minutes\" \/>\n<script type=\"application\/ld+json\" class=\"yoast-schema-graph\">{\"@context\":\"https:\\\/\\\/schema.org\",\"@graph\":[{\"@type\":\"WebPage\",\"@id\":\"https:\\\/\\\/graphimage.com\\\/index.php\\\/carte-menu-en-papier-pellicule\\\/\",\"url\":\"https:\\\/\\\/graphimage.com\\\/index.php\\\/carte-menu-en-papier-pellicule\\\/\",\"name\":\"Carte menu restaurant - Graphimage\",\"isPartOf\":{\"@id\":\"https:\\\/\\\/graphimage.com\\\/#website\"},\"primaryImageOfPage\":{\"@id\":\"https:\\\/\\\/graphimage.com\\\/index.php\\\/carte-menu-en-papier-pellicule\\\/#primaryimage\"},\"image\":{\"@id\":\"https:\\\/\\\/graphimage.com\\\/index.php\\\/carte-menu-en-papier-pellicule\\\/#primaryimage\"},\"thumbnailUrl\":\"https:\\\/\\\/graphimage.com\\\/wp-content\\\/uploads\\\/2024\\\/10\\\/RotondeLimo-630x738.png\",\"datePublished\":\"2021-06-21T03:27:43+00:00\",\"dateModified\":\"2024-12-13T12:10:13+00:00\",\"description\":\"La carte menu en papier pellicul\u00e9 a de nombreux avantages pour pr\u00e9senter vos menus et vos cartes de belle mani\u00e8re : esth\u00e9tique, pratique\",\"breadcrumb\":{\"@id\":\"https:\\\/\\\/graphimage.com\\\/index.php\\\/carte-menu-en-papier-pellicule\\\/#breadcrumb\"},\"inLanguage\":\"fr-FR\",\"potentialAction\":[{\"@type\":\"ReadAction\",\"target\":[\"https:\\\/\\\/graphimage.com\\\/index.php\\\/carte-menu-en-papier-pellicule\\\/\"]}]},{\"@type\":\"ImageObject\",\"inLanguage\":\"fr-FR\",\"@id\":\"https:\\\/\\\/graphimage.com\\\/index.php\\\/carte-menu-en-papier-pellicule\\\/#primaryimage\",\"url\":\"https:\\\/\\\/graphimage.com\\\/wp-content\\\/uploads\\\/2024\\\/10\\\/RotondeLimo.png\",\"contentUrl\":\"https:\\\/\\\/graphimage.com\\\/wp-content\\\/uploads\\\/2024\\\/10\\\/RotondeLimo.png\",\"width\":1025,\"height\":1200},{\"@type\":\"BreadcrumbList\",\"@id\":\"https:\\\/\\\/graphimage.com\\\/index.php\\\/carte-menu-en-papier-pellicule\\\/#breadcrumb\",\"itemListElement\":[{\"@type\":\"ListItem\",\"position\":1,\"name\":\"Accueil\",\"item\":\"https:\\\/\\\/graphimage.com\\\/\"},{\"@type\":\"ListItem\",\"position\":2,\"name\":\"Carte menu restaurant\"}]},{\"@type\":\"WebSite\",\"@id\":\"https:\\\/\\\/graphimage.com\\\/#website\",\"url\":\"https:\\\/\\\/graphimage.com\\\/\",\"name\":\"Graphimage\",\"description\":\"Design d&#039;impression pour les entreprises\",\"publisher\":{\"@id\":\"https:\\\/\\\/graphimage.com\\\/#organization\"},\"potentialAction\":[{\"@type\":\"SearchAction\",\"target\":{\"@type\":\"EntryPoint\",\"urlTemplate\":\"https:\\\/\\\/graphimage.com\\\/?s={search_term_string}\"},\"query-input\":{\"@type\":\"PropertyValueSpecification\",\"valueRequired\":true,\"valueName\":\"search_term_string\"}}],\"inLanguage\":\"fr-FR\"},{\"@type\":\"Organization\",\"@id\":\"https:\\\/\\\/graphimage.com\\\/#organization\",\"name\":\"Graphimage\",\"url\":\"https:\\\/\\\/graphimage.com\\\/\",\"logo\":{\"@type\":\"ImageObject\",\"inLanguage\":\"fr-FR\",\"@id\":\"https:\\\/\\\/graphimage.com\\\/#\\\/schema\\\/logo\\\/image\\\/\",\"url\":\"https:\\\/\\\/graphimage.com\\\/wp-content\\\/uploads\\\/2021\\\/06\\\/cropped-graphimage_big-1.png\",\"contentUrl\":\"https:\\\/\\\/graphimage.com\\\/wp-content\\\/uploads\\\/2021\\\/06\\\/cropped-graphimage_big-1.png\",\"width\":1280,\"height\":339,\"caption\":\"Graphimage\"},\"image\":{\"@id\":\"https:\\\/\\\/graphimage.com\\\/#\\\/schema\\\/logo\\\/image\\\/\"}}]}<\/script>\n<!-- \/ Yoast SEO plugin. -->","yoast_head_json":{"title":"Carte menu restaurant - Graphimage","description":"La carte menu en papier pellicul\u00e9 a de nombreux avantages pour pr\u00e9senter vos menus et vos cartes de belle mani\u00e8re : esth\u00e9tique, pratique","robots":{"index":"index","follow":"follow","max-snippet":"max-snippet:-1","max-image-preview":"max-image-preview:large","max-video-preview":"max-video-preview:-1"},"canonical":"https:\/\/graphimage.com\/index.php\/carte-menu-en-papier-pellicule\/","og_locale":"fr_FR","og_type":"article","og_title":"Carte menu restaurant - Graphimage","og_description":"La carte menu en papier pellicul\u00e9 a de nombreux avantages pour pr\u00e9senter vos menus et vos cartes de belle mani\u00e8re : esth\u00e9tique, pratique","og_url":"https:\/\/graphimage.com\/index.php\/carte-menu-en-papier-pellicule\/","og_site_name":"Graphimage","article_modified_time":"2024-12-13T12:10:13+00:00","og_image":[{"url":"https:\/\/graphimage.com\/wp-content\/uploads\/2024\/10\/RotondeLimo-630x738.png","type":"","width":"","height":""}],"twitter_card":"summary_large_image","twitter_misc":{"Dur\u00e9e de lecture estim\u00e9e":"3 minutes"},"schema":{"@context":"https:\/\/schema.org","@graph":[{"@type":"WebPage","@id":"https:\/\/graphimage.com\/index.php\/carte-menu-en-papier-pellicule\/","url":"https:\/\/graphimage.com\/index.php\/carte-menu-en-papier-pellicule\/","name":"Carte menu restaurant - Graphimage","isPartOf":{"@id":"https:\/\/graphimage.com\/#website"},"primaryImageOfPage":{"@id":"https:\/\/graphimage.com\/index.php\/carte-menu-en-papier-pellicule\/#primaryimage"},"image":{"@id":"https:\/\/graphimage.com\/index.php\/carte-menu-en-papier-pellicule\/#primaryimage"},"thumbnailUrl":"https:\/\/graphimage.com\/wp-content\/uploads\/2024\/10\/RotondeLimo-630x738.png","datePublished":"2021-06-21T03:27:43+00:00","dateModified":"2024-12-13T12:10:13+00:00","description":"La carte menu en papier pellicul\u00e9 a de nombreux avantages pour pr\u00e9senter vos menus et vos cartes de belle mani\u00e8re : esth\u00e9tique, pratique","breadcrumb":{"@id":"https:\/\/graphimage.com\/index.php\/carte-menu-en-papier-pellicule\/#breadcrumb"},"inLanguage":"fr-FR","potentialAction":[{"@type":"ReadAction","target":["https:\/\/graphimage.com\/index.php\/carte-menu-en-papier-pellicule\/"]}]},{"@type":"ImageObject","inLanguage":"fr-FR","@id":"https:\/\/graphimage.com\/index.php\/carte-menu-en-papier-pellicule\/#primaryimage","url":"https:\/\/graphimage.com\/wp-content\/uploads\/2024\/10\/RotondeLimo.png","contentUrl":"https:\/\/graphimage.com\/wp-content\/uploads\/2024\/10\/RotondeLimo.png","width":1025,"height":1200},{"@type":"BreadcrumbList","@id":"https:\/\/graphimage.com\/index.php\/carte-menu-en-papier-pellicule\/#breadcrumb","itemListElement":[{"@type":"ListItem","position":1,"name":"Accueil","item":"https:\/\/graphimage.com\/"},{"@type":"ListItem","position":2,"name":"Carte menu restaurant"}]},{"@type":"WebSite","@id":"https:\/\/graphimage.com\/#website","url":"https:\/\/graphimage.com\/","name":"Graphimage","description":"Design d&#039;impression pour les entreprises","publisher":{"@id":"https:\/\/graphimage.com\/#organization"},"potentialAction":[{"@type":"SearchAction","target":{"@type":"EntryPoint","urlTemplate":"https:\/\/graphimage.com\/?s={search_term_string}"},"query-input":{"@type":"PropertyValueSpecification","valueRequired":true,"valueName":"search_term_string"}}],"inLanguage":"fr-FR"},{"@type":"Organization","@id":"https:\/\/graphimage.com\/#organization","name":"Graphimage","url":"https:\/\/graphimage.com\/","logo":{"@type":"ImageObject","inLanguage":"fr-FR","@id":"https:\/\/graphimage.com\/#\/schema\/logo\/image\/","url":"https:\/\/graphimage.com\/wp-content\/uploads\/2021\/06\/cropped-graphimage_big-1.png","contentUrl":"https:\/\/graphimage.com\/wp-content\/uploads\/2021\/06\/cropped-graphimage_big-1.png","width":1280,"height":339,"caption":"Graphimage"},"image":{"@id":"https:\/\/graphimage.com\/#\/schema\/logo\/image\/"}}]}},"_links":{"self":[{"href":"https:\/\/graphimage.com\/index.php\/wp-json\/wp\/v2\/pages\/4864","targetHints":{"allow":["GET"]}}],"collection":[{"href":"https:\/\/graphimage.com\/index.php\/wp-json\/wp\/v2\/pages"}],"about":[{"href":"https:\/\/graphimage.com\/index.php\/wp-json\/wp\/v2\/types\/page"}],"author":[{"embeddable":true,"href":"https:\/\/graphimage.com\/index.php\/wp-json\/wp\/v2\/users\/1"}],"replies":[{"embeddable":true,"href":"https:\/\/graphimage.com\/index.php\/wp-json\/wp\/v2\/comments?post=4864"}],"version-history":[{"count":66,"href":"https:\/\/graphimage.com\/index.php\/wp-json\/wp\/v2\/pages\/4864\/revisions"}],"predecessor-version":[{"id":10946,"href":"https:\/\/graphimage.com\/index.php\/wp-json\/wp\/v2\/pages\/4864\/revisions\/10946"}],"wp:attachment":[{"href":"https:\/\/graphimage.com\/index.php\/wp-json\/wp\/v2\/media?parent=4864"}],"curies":[{"name":"wp","href":"https:\/\/api.w.org\/{rel}","templated":true}]}}