{"id":3059,"date":"2021-06-15T08:05:11","date_gmt":"2021-06-15T08:05:11","guid":{"rendered":"https:\/\/demo2wpopal.b-cdn.net\/umimo\/?page_id=3059"},"modified":"2024-11-15T08:47:09","modified_gmt":"2024-11-15T07:47:09","slug":"webmatique-impression-des-feuillet-de-menu-interieurs","status":"publish","type":"page","link":"https:\/\/graphimage.com\/index.php\/webmatique-impression-des-feuillet-de-menu-interieurs\/","title":{"rendered":"Webmatique"},"content":{"rendered":"\t\t<div data-elementor-type=\"wp-page\" data-elementor-id=\"3059\" class=\"elementor elementor-3059\" data-elementor-post-type=\"page\">\n\t\t\t\t\t\t<section class=\"elementor-section elementor-top-section elementor-element elementor-element-1193c97 elementor-section-boxed elementor-section-height-default elementor-section-height-default\" data-id=\"1193c97\" data-element_type=\"section\" data-e-type=\"section\">\n\t\t\t\t\t\t<div class=\"elementor-container elementor-column-gap-default\">\n\t\t\t\t\t<div class=\"elementor-column elementor-col-100 elementor-top-column elementor-element elementor-element-c54744d\" data-id=\"c54744d\" data-element_type=\"column\" data-e-type=\"column\">\n\t\t\t<div class=\"elementor-widget-wrap elementor-element-populated\">\n\t\t\t\t\t\t<div class=\"elementor-element elementor-element-b649dae elementor-widget elementor-widget-heading\" data-id=\"b649dae\" data-element_type=\"widget\" data-e-type=\"widget\" data-widget_type=\"heading.default\">\n\t\t\t\t<div class=\"elementor-widget-container\">\n\t\t\t\t\t<h2 class=\"elementor-heading-title elementor-size-default\">Webmatique<\/h2>\t\t\t\t<\/div>\n\t\t\t\t<\/div>\n\t\t\t\t\t<\/div>\n\t\t<\/div>\n\t\t\t\t\t<\/div>\n\t\t<\/section>\n\t\t\t\t<section class=\"elementor-section elementor-top-section elementor-element elementor-element-bb25903 elementor-section-boxed elementor-section-height-default elementor-section-height-default\" data-id=\"bb25903\" data-element_type=\"section\" data-e-type=\"section\">\n\t\t\t\t\t\t<div class=\"elementor-container elementor-column-gap-default\">\n\t\t\t\t\t<div class=\"elementor-column elementor-col-100 elementor-top-column elementor-element elementor-element-e42cb0d\" data-id=\"e42cb0d\" data-element_type=\"column\" data-e-type=\"column\">\n\t\t\t<div class=\"elementor-widget-wrap elementor-element-populated\">\n\t\t\t\t\t\t<div class=\"elementor-element elementor-element-f68b710 elementor-widget elementor-widget-counter\" data-id=\"f68b710\" data-element_type=\"widget\" data-e-type=\"widget\" data-widget_type=\"counter.default\">\n\t\t\t\t<div class=\"elementor-widget-container\">\n\t\t\t\t\t\t\t<div class=\"elementor-counter\">\n\t\t\t<div class=\"elementor-counter-title\">Nombre moyen d'actions par mois sur Webmatique \u00ae<\/div>\t\t\t<div class=\"elementor-counter-number-wrapper\">\n\t\t\t\t<span class=\"elementor-counter-number-prefix\"><\/span>\n\t\t\t\t<span class=\"elementor-counter-number\" data-duration=\"1100\" data-to-value=\"6900\" data-from-value=\"0\" data-delimiter=\" \">0<\/span>\n\t\t\t\t<span class=\"elementor-counter-number-suffix\"><\/span>\n\t\t\t<\/div>\n\t\t<\/div>\n\t\t\t\t\t\t<\/div>\n\t\t\t\t<\/div>\n\t\t\t\t<div class=\"elementor-element elementor-element-1f430ac elementor-widget elementor-widget-spacer\" data-id=\"1f430ac\" data-element_type=\"widget\" data-e-type=\"widget\" data-widget_type=\"spacer.default\">\n\t\t\t\t<div class=\"elementor-widget-container\">\n\t\t\t\t\t\t\t<div class=\"elementor-spacer\">\n\t\t\t<div class=\"elementor-spacer-inner\"><\/div>\n\t\t<\/div>\n\t\t\t\t\t\t<\/div>\n\t\t\t\t<\/div>\n\t\t\t\t\t<\/div>\n\t\t<\/div>\n\t\t\t\t\t<\/div>\n\t\t<\/section>\n\t\t\t\t<section class=\"elementor-section elementor-top-section elementor-element elementor-element-acd9047 elementor-section-boxed elementor-section-height-default elementor-section-height-default\" data-id=\"acd9047\" data-element_type=\"section\" data-e-type=\"section\">\n\t\t\t\t\t\t<div class=\"elementor-container elementor-column-gap-default\">\n\t\t\t\t\t<div class=\"elementor-column elementor-col-100 elementor-top-column elementor-element elementor-element-7daee4d\" data-id=\"7daee4d\" data-element_type=\"column\" data-e-type=\"column\">\n\t\t\t<div class=\"elementor-widget-wrap elementor-element-populated\">\n\t\t\t\t\t\t<div class=\"elementor-element elementor-element-ffabbde elementor-widget elementor-widget-text-editor\" data-id=\"ffabbde\" data-element_type=\"widget\" data-e-type=\"widget\" data-widget_type=\"text-editor.default\">\n\t\t\t\t<div class=\"elementor-widget-container\">\n\t\t\t\t\t\t\t\t\t<p><b>Webmatique est la solution unique de gestion&nbsp;de votre carte restaurant via Internet !&nbsp;<\/b><\/p>\n<p>C&rsquo;est une plate-forme de gestion de cartes en ligne o\u00f9 vous pouvez modifiez et imprimez vos feuillets int\u00e9rieurs 24h\/24 &#8211; 7j\/7 !&nbsp;<\/p>\n<p>L&rsquo;<a href=\"https:\/\/graphimage.com\/index.php\/notre-atelier-coeur-du-reacteur-de-graphimage\/\">\u00e9quipe Graphimage<\/a> l&rsquo;a con\u00e7u suite \u00e0 l\u2019analyses de vos besoins pour vous simplifier la vie de restaurateur.<\/p>\n<p>Ajouter un plat, supprimer un dessert, modifier un prix autant de fois que vous le souhaitez avec Webmatique, visualisez&nbsp;lui&nbsp;imprimez vos <a href=\"https:\/\/graphimage.com\/index.php\/creer-des-feuillets-de-menu-directement\/\">feuillets<\/a>.&nbsp;<\/p>\t\t\t\t\t\t\t\t<\/div>\n\t\t\t\t<\/div>\n\t\t\t\t\t<\/div>\n\t\t<\/div>\n\t\t\t\t\t<\/div>\n\t\t<\/section>\n\t\t\t\t<section class=\"elementor-section elementor-top-section elementor-element elementor-element-bec9b9a elementor-section-boxed elementor-section-height-default elementor-section-height-default\" data-id=\"bec9b9a\" data-element_type=\"section\" data-e-type=\"section\" data-settings=\"{&quot;background_background&quot;:&quot;classic&quot;}\">\n\t\t\t\t\t\t<div class=\"elementor-container elementor-column-gap-default\">\n\t\t\t\t\t<div class=\"elementor-column elementor-col-100 elementor-top-column elementor-element elementor-element-f2cf04a\" data-id=\"f2cf04a\" data-element_type=\"column\" data-e-type=\"column\">\n\t\t\t<div class=\"elementor-widget-wrap elementor-element-populated\">\n\t\t\t\t\t\t<div class=\"elementor-element elementor-element-f9f8f09 elementor-widget elementor-widget-text-editor\" data-id=\"f9f8f09\" data-element_type=\"widget\" data-e-type=\"widget\" data-widget_type=\"text-editor.default\">\n\t\t\t\t<div class=\"elementor-widget-container\">\n\t\t\t\t\t\t\t\t\t<p><strong>Comment \u00e7a marche :\u00a0<\/strong><\/p>\t\t\t\t\t\t\t\t<\/div>\n\t\t\t\t<\/div>\n\t\t\t\t<div class=\"elementor-element elementor-element-ca9623d elementor-widget__width-initial elementor-widget elementor-widget-text-editor\" data-id=\"ca9623d\" data-element_type=\"widget\" data-e-type=\"widget\" data-widget_type=\"text-editor.default\">\n\t\t\t\t<div class=\"elementor-widget-container\">\n\t\t\t\t\t\t\t\t\t<p>Connectez-vous \u00e0 votre espace client<\/p><p>Modifiez votre menu en ligne<\/p><p>Visualisez votre nouveau menu\u00a0<\/p><p>Imprimez votre nouveau menu\u00a0<\/p>\t\t\t\t\t\t\t\t<\/div>\n\t\t\t\t<\/div>\n\t\t\t\t<div class=\"elementor-element elementor-element-4cecee4 elementor-align-center elementor-widget elementor-widget-button\" data-id=\"4cecee4\" data-element_type=\"widget\" data-e-type=\"widget\" data-widget_type=\"button.default\">\n\t\t\t\t<div class=\"elementor-widget-container\">\n\t\t\t\t\t\t\t\t\t<div class=\"elementor-button-wrapper\">\n\t\t\t\t\t<a class=\"elementor-button elementor-button-link elementor-size-xs\" href=\"https:\/\/www.instagram.com\/reel\/C56FrXeIsd4\/?igsh=MTEwNDBkamp1MWozMg==\">\n\t\t\t\t\t\t<span class=\"elementor-button-content-wrapper\">\n\t\t\t\t\t\t\t\t\t<span class=\"elementor-button-text\">Video explicative de Webmatique<\/span>\n\t\t\t\t\t<\/span>\n\t\t\t\t\t<\/a>\n\t\t\t\t<\/div>\n\t\t\t\t\t\t\t\t<\/div>\n\t\t\t\t<\/div>\n\t\t\t\t\t<\/div>\n\t\t<\/div>\n\t\t\t\t\t<\/div>\n\t\t<\/section>\n\t\t\t\t<section class=\"elementor-section elementor-top-section elementor-element elementor-element-e0bf154 elementor-section-boxed elementor-section-height-default elementor-section-height-default\" data-id=\"e0bf154\" data-element_type=\"section\" data-e-type=\"section\">\n\t\t\t\t\t\t<div class=\"elementor-container elementor-column-gap-default\">\n\t\t\t\t\t<div class=\"elementor-column elementor-col-100 elementor-top-column elementor-element elementor-element-9a8ab38\" data-id=\"9a8ab38\" data-element_type=\"column\" data-e-type=\"column\">\n\t\t\t<div class=\"elementor-widget-wrap elementor-element-populated\">\n\t\t\t\t\t\t<div class=\"elementor-element elementor-element-773244d elementor-widget elementor-widget-spacer\" data-id=\"773244d\" data-element_type=\"widget\" data-e-type=\"widget\" data-widget_type=\"spacer.default\">\n\t\t\t\t<div class=\"elementor-widget-container\">\n\t\t\t\t\t\t\t<div class=\"elementor-spacer\">\n\t\t\t<div class=\"elementor-spacer-inner\"><\/div>\n\t\t<\/div>\n\t\t\t\t\t\t<\/div>\n\t\t\t\t<\/div>\n\t\t\t\t\t<\/div>\n\t\t<\/div>\n\t\t\t\t\t<\/div>\n\t\t<\/section>\n\t\t\t\t<section class=\"elementor-section elementor-top-section elementor-element elementor-element-4bab79c elementor-section-boxed elementor-section-height-default elementor-section-height-default\" data-id=\"4bab79c\" data-element_type=\"section\" data-e-type=\"section\">\n\t\t\t\t\t\t<div class=\"elementor-container elementor-column-gap-default\">\n\t\t\t\t\t<div class=\"elementor-column elementor-col-100 elementor-top-column elementor-element elementor-element-65ec2bf\" data-id=\"65ec2bf\" data-element_type=\"column\" data-e-type=\"column\">\n\t\t\t<div class=\"elementor-widget-wrap elementor-element-populated\">\n\t\t\t\t\t\t<div class=\"elementor-element elementor-element-445e728 elementor-widget-divider--view-line_text elementor-widget-divider--element-align-center elementor-widget elementor-widget-divider\" data-id=\"445e728\" data-element_type=\"widget\" data-e-type=\"widget\" data-widget_type=\"divider.default\">\n\t\t\t\t<div class=\"elementor-widget-container\">\n\t\t\t\t\t\t\t<div class=\"elementor-divider\">\n\t\t\t<span class=\"elementor-divider-separator\">\n\t\t\t\t\t\t\t<span class=\"elementor-divider__text elementor-divider__element\">\n\t\t\t\tUn projet ? Nous sommes l\u00e0 pour vous renseigner !\t\t\t\t<\/span>\n\t\t\t\t\t\t<\/span>\n\t\t<\/div>\n\t\t\t\t\t\t<\/div>\n\t\t\t\t<\/div>\n\t\t\t\t<div class=\"elementor-element elementor-element-5980a59 elementor-button-align-stretch elementor-widget elementor-widget-form\" data-id=\"5980a59\" data-element_type=\"widget\" data-e-type=\"widget\" data-settings=\"{&quot;step_next_label&quot;:&quot;Suivant&quot;,&quot;step_previous_label&quot;:&quot;Pr\\u00e9c\\u00e9dent&quot;,&quot;button_width&quot;:&quot;100&quot;,&quot;step_type&quot;:&quot;number_text&quot;,&quot;step_icon_shape&quot;:&quot;circle&quot;}\" data-widget_type=\"form.default\">\n\t\t\t\t<div class=\"elementor-widget-container\">\n\t\t\t\t\t\t\t<form class=\"elementor-form\" method=\"post\" name=\"Nouveau formulaire\">\n\t\t\t<input type=\"hidden\" name=\"post_id\" value=\"3059\"\/>\n\t\t\t<input type=\"hidden\" name=\"form_id\" value=\"5980a59\"\/>\n\t\t\t<input type=\"hidden\" name=\"referer_title\" value=\"Webmatique impression des feuillets de menu int\u00e9rieurs\" \/>\n\n\t\t\t\t\t\t\t<input type=\"hidden\" name=\"queried_id\" value=\"3059\"\/>\n\t\t\t\n\t\t\t<div class=\"elementor-form-fields-wrapper elementor-labels-\">\n\t\t\t\t\t\t\t\t<div class=\"elementor-field-type-text elementor-field-group elementor-column elementor-field-group-name elementor-col-50 elementor-field-required\">\n\t\t\t\t\t\t\t\t\t\t\t\t<label for=\"form-field-name\" class=\"elementor-field-label elementor-screen-only\">\n\t\t\t\t\t\t\t\tNom\t\t\t\t\t\t\t<\/label>\n\t\t\t\t\t\t\t\t\t\t\t\t\t\t<input size=\"1\" type=\"text\" name=\"form_fields[name]\" id=\"form-field-name\" class=\"elementor-field elementor-size-xs  elementor-field-textual\" placeholder=\"Nom\" required=\"required\" aria-required=\"true\">\n\t\t\t\t\t\t\t\t\t\t\t<\/div>\n\t\t\t\t\t\t\t\t<div class=\"elementor-field-type-text elementor-field-group elementor-column elementor-field-group-field_13787ff elementor-col-50 elementor-field-required\">\n\t\t\t\t\t\t\t\t\t\t\t\t<label for=\"form-field-field_13787ff\" class=\"elementor-field-label elementor-screen-only\">\n\t\t\t\t\t\t\t\tEtablissement\t\t\t\t\t\t\t<\/label>\n\t\t\t\t\t\t\t\t\t\t\t\t\t\t<input size=\"1\" type=\"text\" name=\"form_fields[field_13787ff]\" id=\"form-field-field_13787ff\" class=\"elementor-field elementor-size-xs  elementor-field-textual\" placeholder=\"Etablissement\" required=\"required\" aria-required=\"true\">\n\t\t\t\t\t\t\t\t\t\t\t<\/div>\n\t\t\t\t\t\t\t\t<div class=\"elementor-field-type-email elementor-field-group elementor-column elementor-field-group-email elementor-col-50 elementor-field-required\">\n\t\t\t\t\t\t\t\t\t\t\t\t<label for=\"form-field-email\" class=\"elementor-field-label elementor-screen-only\">\n\t\t\t\t\t\t\t\tE-mail\t\t\t\t\t\t\t<\/label>\n\t\t\t\t\t\t\t\t\t\t\t\t\t\t<input size=\"1\" type=\"email\" name=\"form_fields[email]\" id=\"form-field-email\" class=\"elementor-field elementor-size-xs  elementor-field-textual\" placeholder=\"E-mail\" required=\"required\" aria-required=\"true\">\n\t\t\t\t\t\t\t\t\t\t\t<\/div>\n\t\t\t\t\t\t\t\t<div class=\"elementor-field-type-tel elementor-field-group elementor-column elementor-field-group-field_3bcd6e4 elementor-col-50 elementor-field-required\">\n\t\t\t\t\t\t\t\t\t\t\t\t<label for=\"form-field-field_3bcd6e4\" class=\"elementor-field-label elementor-screen-only\">\n\t\t\t\t\t\t\t\tT\u00e9l.\t\t\t\t\t\t\t<\/label>\n\t\t\t\t\t\t\t\t<input size=\"1\" type=\"tel\" name=\"form_fields[field_3bcd6e4]\" id=\"form-field-field_3bcd6e4\" class=\"elementor-field elementor-size-xs  elementor-field-textual\" placeholder=\"T\u00e9l.\" required=\"required\" aria-required=\"true\" pattern=\"[0-9()#&amp;+*-=.]+\" title=\"Seuls les caract\u00e8res de num\u00e9ros de t\u00e9l\u00e9phone (#, -, *, etc.) sont accept\u00e9s.\">\n\n\t\t\t\t\t\t<\/div>\n\t\t\t\t\t\t\t\t<div class=\"elementor-field-type-text elementor-field-group elementor-column elementor-field-group-field_2a50311 elementor-col-50 elementor-field-required\">\n\t\t\t\t\t\t\t\t\t\t\t\t<label for=\"form-field-field_2a50311\" class=\"elementor-field-label elementor-screen-only\">\n\t\t\t\t\t\t\t\tVille\t\t\t\t\t\t\t<\/label>\n\t\t\t\t\t\t\t\t\t\t\t\t\t\t<input size=\"1\" type=\"text\" name=\"form_fields[field_2a50311]\" id=\"form-field-field_2a50311\" class=\"elementor-field elementor-size-xs  elementor-field-textual\" placeholder=\"Ville\" required=\"required\" aria-required=\"true\">\n\t\t\t\t\t\t\t\t\t\t\t<\/div>\n\t\t\t\t\t\t\t\t<div class=\"elementor-field-type-text elementor-field-group elementor-column elementor-field-group-field_cfed66c elementor-col-50 elementor-field-required\">\n\t\t\t\t\t\t\t\t\t\t\t\t<label for=\"form-field-field_cfed66c\" class=\"elementor-field-label elementor-screen-only\">\n\t\t\t\t\t\t\t\tCode postal\t\t\t\t\t\t\t<\/label>\n\t\t\t\t\t\t\t\t\t\t\t\t\t\t<input size=\"1\" type=\"text\" name=\"form_fields[field_cfed66c]\" id=\"form-field-field_cfed66c\" class=\"elementor-field elementor-size-xs  elementor-field-textual\" placeholder=\"Code postal\" required=\"required\" aria-required=\"true\">\n\t\t\t\t\t\t\t\t\t\t\t<\/div>\n\t\t\t\t\t\t\t\t<div class=\"elementor-field-type-textarea elementor-field-group elementor-column elementor-field-group-message elementor-col-100 elementor-field-required\">\n\t\t\t\t\t\t\t\t\t\t\t\t<label for=\"form-field-message\" class=\"elementor-field-label elementor-screen-only\">\n\t\t\t\t\t\t\t\tMessage\t\t\t\t\t\t\t<\/label>\n\t\t\t\t\t\t<textarea class=\"elementor-field-textual elementor-field  elementor-size-xs\" name=\"form_fields[message]\" id=\"form-field-message\" rows=\"2\" placeholder=\"Message\" required=\"required\" aria-required=\"true\"><\/textarea>\t\t\t\t<\/div>\n\t\t\t\t\t\t\t\t<div class=\"elementor-field-type-recaptcha_v3 elementor-field-group elementor-column elementor-field-group-field_4c2ec58 elementor-col-100 recaptcha_v3-bottomright\">\n\t\t\t\t\t<div class=\"elementor-field\" id=\"form-field-field_4c2ec58\"><div class=\"elementor-g-recaptcha\" data-sitekey=\"6LeTwH4qAAAAAO9tOF8bOqHlB2TqXFRtxLaHZbAF\" data-type=\"v3\" data-action=\"Form\" data-badge=\"bottomright\" data-size=\"invisible\"><\/div><\/div>\t\t\t\t<\/div>\n\t\t\t\t\t\t\t\t<div class=\"elementor-field-group elementor-column elementor-field-type-submit elementor-col-100 e-form__buttons\">\n\t\t\t\t\t<button class=\"elementor-button elementor-size-sm\" type=\"submit\">\n\t\t\t\t\t\t<span class=\"elementor-button-content-wrapper\">\n\t\t\t\t\t\t\t\t\t\t\t\t\t\t\t\t\t\t\t\t\t\t<span class=\"elementor-button-text\">Envoyer<\/span>\n\t\t\t\t\t\t\t\t\t\t\t\t\t<\/span>\n\t\t\t\t\t<\/button>\n\t\t\t\t<\/div>\n\t\t\t<\/div>\n\t\t<\/form>\n\t\t\t\t\t\t<\/div>\n\t\t\t\t<\/div>\n\t\t\t\t\t<\/div>\n\t\t<\/div>\n\t\t\t\t\t<\/div>\n\t\t<\/section>\n\t\t\t\t<\/div>\n\t\t","protected":false},"excerpt":{"rendered":"<p>Webmatique Nombre moyen d&rsquo;actions par mois sur Webmatique \u00ae 0 Webmatique est la solution unique de gestion&nbsp;de votre carte restaurant via Internet !&nbsp; C&rsquo;est une plate-forme de gestion de cartes en ligne o\u00f9 vous pouvez modifiez et imprimez vos feuillets int\u00e9rieurs 24h\/24 &#8211; 7j\/7 !&nbsp; L&rsquo;\u00e9quipe Graphimage l&rsquo;a con\u00e7u suite \u00e0 l\u2019analyses de vos besoins [&hellip;]<\/p>\n","protected":false},"author":1,"featured_media":0,"parent":0,"menu_order":0,"comment_status":"closed","ping_status":"closed","template":"elementor_header_footer","meta":{"inline_featured_image":false,"footnotes":""},"class_list":["post-3059","page","type-page","status-publish","hentry"],"yoast_head":"<!-- This site is optimized with the Yoast SEO plugin v27.6 - https:\/\/yoast.com\/product\/yoast-seo-wordpress\/ -->\n<title>Webmatique impression des feuillets de menu int\u00e9rieurs<\/title>\n<meta name=\"description\" content=\"Modifiez et imprimez en toute simplicit\u00e9 vos feuillets de menu int\u00e9rieurs en ligne. Ajoutez ou supprimez des plats, modifiez vos prix...\" \/>\n<meta name=\"robots\" content=\"index, follow, max-snippet:-1, max-image-preview:large, max-video-preview:-1\" \/>\n<link rel=\"canonical\" href=\"https:\/\/graphimage.com\/index.php\/webmatique-impression-des-feuillet-de-menu-interieurs\/\" \/>\n<meta property=\"og:locale\" content=\"fr_FR\" \/>\n<meta property=\"og:type\" content=\"article\" \/>\n<meta property=\"og:title\" content=\"Webmatique impression des feuillets de menu int\u00e9rieurs\" \/>\n<meta property=\"og:description\" content=\"Modifiez et imprimez en toute simplicit\u00e9 vos feuillets de menu int\u00e9rieurs en ligne. Ajoutez ou supprimez des plats, modifiez vos prix...\" \/>\n<meta property=\"og:url\" content=\"https:\/\/graphimage.com\/index.php\/webmatique-impression-des-feuillet-de-menu-interieurs\/\" \/>\n<meta property=\"og:site_name\" content=\"Graphimage\" \/>\n<meta property=\"article:modified_time\" content=\"2024-11-15T07:47:09+00:00\" \/>\n<meta name=\"twitter:card\" content=\"summary_large_image\" \/>\n<meta name=\"twitter:label1\" content=\"Dur\u00e9e de lecture estim\u00e9e\" \/>\n\t<meta name=\"twitter:data1\" content=\"1 minute\" \/>\n<script type=\"application\/ld+json\" class=\"yoast-schema-graph\">{\"@context\":\"https:\\\/\\\/schema.org\",\"@graph\":[{\"@type\":\"WebPage\",\"@id\":\"https:\\\/\\\/graphimage.com\\\/index.php\\\/webmatique-impression-des-feuillet-de-menu-interieurs\\\/\",\"url\":\"https:\\\/\\\/graphimage.com\\\/index.php\\\/webmatique-impression-des-feuillet-de-menu-interieurs\\\/\",\"name\":\"Webmatique impression des feuillets de menu int\u00e9rieurs\",\"isPartOf\":{\"@id\":\"https:\\\/\\\/graphimage.com\\\/#website\"},\"datePublished\":\"2021-06-15T08:05:11+00:00\",\"dateModified\":\"2024-11-15T07:47:09+00:00\",\"description\":\"Modifiez et imprimez en toute simplicit\u00e9 vos feuillets de menu int\u00e9rieurs en ligne. Ajoutez ou supprimez des plats, modifiez vos prix...\",\"breadcrumb\":{\"@id\":\"https:\\\/\\\/graphimage.com\\\/index.php\\\/webmatique-impression-des-feuillet-de-menu-interieurs\\\/#breadcrumb\"},\"inLanguage\":\"fr-FR\",\"potentialAction\":[{\"@type\":\"ReadAction\",\"target\":[\"https:\\\/\\\/graphimage.com\\\/index.php\\\/webmatique-impression-des-feuillet-de-menu-interieurs\\\/\"]}]},{\"@type\":\"BreadcrumbList\",\"@id\":\"https:\\\/\\\/graphimage.com\\\/index.php\\\/webmatique-impression-des-feuillet-de-menu-interieurs\\\/#breadcrumb\",\"itemListElement\":[{\"@type\":\"ListItem\",\"position\":1,\"name\":\"Accueil\",\"item\":\"https:\\\/\\\/graphimage.com\\\/\"},{\"@type\":\"ListItem\",\"position\":2,\"name\":\"Webmatique\"}]},{\"@type\":\"WebSite\",\"@id\":\"https:\\\/\\\/graphimage.com\\\/#website\",\"url\":\"https:\\\/\\\/graphimage.com\\\/\",\"name\":\"Graphimage\",\"description\":\"Design d&#039;impression pour les entreprises\",\"publisher\":{\"@id\":\"https:\\\/\\\/graphimage.com\\\/#organization\"},\"potentialAction\":[{\"@type\":\"SearchAction\",\"target\":{\"@type\":\"EntryPoint\",\"urlTemplate\":\"https:\\\/\\\/graphimage.com\\\/?s={search_term_string}\"},\"query-input\":{\"@type\":\"PropertyValueSpecification\",\"valueRequired\":true,\"valueName\":\"search_term_string\"}}],\"inLanguage\":\"fr-FR\"},{\"@type\":\"Organization\",\"@id\":\"https:\\\/\\\/graphimage.com\\\/#organization\",\"name\":\"Graphimage\",\"url\":\"https:\\\/\\\/graphimage.com\\\/\",\"logo\":{\"@type\":\"ImageObject\",\"inLanguage\":\"fr-FR\",\"@id\":\"https:\\\/\\\/graphimage.com\\\/#\\\/schema\\\/logo\\\/image\\\/\",\"url\":\"https:\\\/\\\/graphimage.com\\\/wp-content\\\/uploads\\\/2021\\\/06\\\/cropped-graphimage_big-1.png\",\"contentUrl\":\"https:\\\/\\\/graphimage.com\\\/wp-content\\\/uploads\\\/2021\\\/06\\\/cropped-graphimage_big-1.png\",\"width\":1280,\"height\":339,\"caption\":\"Graphimage\"},\"image\":{\"@id\":\"https:\\\/\\\/graphimage.com\\\/#\\\/schema\\\/logo\\\/image\\\/\"}}]}<\/script>\n<!-- \/ Yoast SEO plugin. -->","yoast_head_json":{"title":"Webmatique impression des feuillets de menu int\u00e9rieurs","description":"Modifiez et imprimez en toute simplicit\u00e9 vos feuillets de menu int\u00e9rieurs en ligne. Ajoutez ou supprimez des plats, modifiez vos prix...","robots":{"index":"index","follow":"follow","max-snippet":"max-snippet:-1","max-image-preview":"max-image-preview:large","max-video-preview":"max-video-preview:-1"},"canonical":"https:\/\/graphimage.com\/index.php\/webmatique-impression-des-feuillet-de-menu-interieurs\/","og_locale":"fr_FR","og_type":"article","og_title":"Webmatique impression des feuillets de menu int\u00e9rieurs","og_description":"Modifiez et imprimez en toute simplicit\u00e9 vos feuillets de menu int\u00e9rieurs en ligne. Ajoutez ou supprimez des plats, modifiez vos prix...","og_url":"https:\/\/graphimage.com\/index.php\/webmatique-impression-des-feuillet-de-menu-interieurs\/","og_site_name":"Graphimage","article_modified_time":"2024-11-15T07:47:09+00:00","twitter_card":"summary_large_image","twitter_misc":{"Dur\u00e9e de lecture estim\u00e9e":"1 minute"},"schema":{"@context":"https:\/\/schema.org","@graph":[{"@type":"WebPage","@id":"https:\/\/graphimage.com\/index.php\/webmatique-impression-des-feuillet-de-menu-interieurs\/","url":"https:\/\/graphimage.com\/index.php\/webmatique-impression-des-feuillet-de-menu-interieurs\/","name":"Webmatique impression des feuillets de menu int\u00e9rieurs","isPartOf":{"@id":"https:\/\/graphimage.com\/#website"},"datePublished":"2021-06-15T08:05:11+00:00","dateModified":"2024-11-15T07:47:09+00:00","description":"Modifiez et imprimez en toute simplicit\u00e9 vos feuillets de menu int\u00e9rieurs en ligne. Ajoutez ou supprimez des plats, modifiez vos prix...","breadcrumb":{"@id":"https:\/\/graphimage.com\/index.php\/webmatique-impression-des-feuillet-de-menu-interieurs\/#breadcrumb"},"inLanguage":"fr-FR","potentialAction":[{"@type":"ReadAction","target":["https:\/\/graphimage.com\/index.php\/webmatique-impression-des-feuillet-de-menu-interieurs\/"]}]},{"@type":"BreadcrumbList","@id":"https:\/\/graphimage.com\/index.php\/webmatique-impression-des-feuillet-de-menu-interieurs\/#breadcrumb","itemListElement":[{"@type":"ListItem","position":1,"name":"Accueil","item":"https:\/\/graphimage.com\/"},{"@type":"ListItem","position":2,"name":"Webmatique"}]},{"@type":"WebSite","@id":"https:\/\/graphimage.com\/#website","url":"https:\/\/graphimage.com\/","name":"Graphimage","description":"Design d&#039;impression pour les entreprises","publisher":{"@id":"https:\/\/graphimage.com\/#organization"},"potentialAction":[{"@type":"SearchAction","target":{"@type":"EntryPoint","urlTemplate":"https:\/\/graphimage.com\/?s={search_term_string}"},"query-input":{"@type":"PropertyValueSpecification","valueRequired":true,"valueName":"search_term_string"}}],"inLanguage":"fr-FR"},{"@type":"Organization","@id":"https:\/\/graphimage.com\/#organization","name":"Graphimage","url":"https:\/\/graphimage.com\/","logo":{"@type":"ImageObject","inLanguage":"fr-FR","@id":"https:\/\/graphimage.com\/#\/schema\/logo\/image\/","url":"https:\/\/graphimage.com\/wp-content\/uploads\/2021\/06\/cropped-graphimage_big-1.png","contentUrl":"https:\/\/graphimage.com\/wp-content\/uploads\/2021\/06\/cropped-graphimage_big-1.png","width":1280,"height":339,"caption":"Graphimage"},"image":{"@id":"https:\/\/graphimage.com\/#\/schema\/logo\/image\/"}}]}},"_links":{"self":[{"href":"https:\/\/graphimage.com\/index.php\/wp-json\/wp\/v2\/pages\/3059","targetHints":{"allow":["GET"]}}],"collection":[{"href":"https:\/\/graphimage.com\/index.php\/wp-json\/wp\/v2\/pages"}],"about":[{"href":"https:\/\/graphimage.com\/index.php\/wp-json\/wp\/v2\/types\/page"}],"author":[{"embeddable":true,"href":"https:\/\/graphimage.com\/index.php\/wp-json\/wp\/v2\/users\/1"}],"replies":[{"embeddable":true,"href":"https:\/\/graphimage.com\/index.php\/wp-json\/wp\/v2\/comments?post=3059"}],"version-history":[{"count":118,"href":"https:\/\/graphimage.com\/index.php\/wp-json\/wp\/v2\/pages\/3059\/revisions"}],"predecessor-version":[{"id":10833,"href":"https:\/\/graphimage.com\/index.php\/wp-json\/wp\/v2\/pages\/3059\/revisions\/10833"}],"wp:attachment":[{"href":"https:\/\/graphimage.com\/index.php\/wp-json\/wp\/v2\/media?parent=3059"}],"curies":[{"name":"wp","href":"https:\/\/api.w.org\/{rel}","templated":true}]}}